{"id":2055,"date":"2015-12-30T09:40:18","date_gmt":"2015-12-30T09:40:18","guid":{"rendered":"http:\/\/wp.rivertheme.com\/ri-logistic\/?page_id=2055"},"modified":"2016-07-19T05:58:23","modified_gmt":"2016-07-19T05:58:23","slug":"blog-2","status":"publish","type":"page","link":"https:\/\/mayanscargo.com\/en\/blog-2\/","title":{"rendered":"News"},"content":{"rendered":"<p>[vc_row][vc_column]<div class=\"rit-full-layout\">\n                <article class=\"rit-news-item\" id=\"post-3125\">\n                \n                                                                        <div class=\"post-image\">\n                                <a href=\"https:\/\/mayanscargo.com\/en\/2022\/05\/17\/comunicate\/\"><img width=\"660\" height=\"347\" src=\"https:\/\/i2.wp.com\/mayanscargo.com\/wp-content\/uploads\/2022\/05\/img1-1.png?resize=660%2C347&#038;ssl=1\" class=\"attachment-full-thumb size-full-thumb wp-post-image\" alt=\"\" loading=\"lazy\" srcset=\"https:\/\/i2.wp.com\/mayanscargo.com\/wp-content\/uploads\/2022\/05\/img1-1.png?w=800&amp;ssl=1 800w, https:\/\/i2.wp.com\/mayanscargo.com\/wp-content\/uploads\/2022\/05\/img1-1.png?resize=300%2C158&amp;ssl=1 300w, https:\/\/i2.wp.com\/mayanscargo.com\/wp-content\/uploads\/2022\/05\/img1-1.png?resize=768%2C403&amp;ssl=1 768w, https:\/\/i2.wp.com\/mayanscargo.com\/wp-content\/uploads\/2022\/05\/img1-1.png?resize=600%2C315&amp;ssl=1 600w\" sizes=\"(max-width: 660px) 100vw, 660px\" data-recalc-dims=\"1\" \/><\/a>\n                            <\/div>\n                                            \n                                <div class=\"rit-news-info xs-pr-0 clearfix\">\n                    <div class=\"rit-new-info-left\">\n                        <span class=\"info-date\">\n                            <span>May<\/span>\n                            <span class=\"date\"><strong>17<\/strong><\/span>\n                            <span>2022<\/span>\n                        <\/span>\n                        <span class=\"info-comment\">\n                            <a href=\"https:\/\/mayanscargo.com\/en\/2022\/05\/17\/comunicate\/#comments\">0<i class=\"ion-ios-compose-outline\"><\/i><\/a>\n                        <\/span>\n                    <\/div>\n                    <div class=\"rit-news-info-inner\">\n                        <h3 class=\"title-news\"><a href=\"https:\/\/mayanscargo.com\/en\/2022\/05\/17\/comunicate\/\" title=\"COMUNICATE\">COMUNICATE<\/a><\/h3>\n                                                <div class=\"description al-left\">\n                                                        \n<p>Guatemala May 17 2022<\/p>\n\n\n\n<p>Dear Client.<\/p>\n\n\n\n<p>In this way, it is recommended that your request for maritime bookings for exports be made at least 15 days prior to the shipping company\u00b4s cutoff due to the current events of congesti\u00f3n in various international ports,this causing a shortage of containers and spaces in the shipping vessels.<\/p>\n\n\n\n<p>In the same way,&#8230;                        <\/div>\n                        <a class=\"readmore\" href=\"https:\/\/mayanscargo.com\/en\/2022\/05\/17\/comunicate\/\">read more<i class=\"ion-android-arrow-forward\"><\/i><\/a>\n                    <\/div>\n                <\/div>\n            <\/article>\n                    <article class=\"rit-news-item\" id=\"post-3099\">\n                \n                                                                        <div class=\"post-image\">\n                                <a href=\"https:\/\/mayanscargo.com\/en\/2022\/05\/17\/comunicado\/\"><img width=\"660\" height=\"347\" src=\"https:\/\/i2.wp.com\/mayanscargo.com\/wp-content\/uploads\/2022\/05\/img1.png?resize=660%2C347&#038;ssl=1\" class=\"attachment-full-thumb size-full-thumb wp-post-image\" alt=\"\" loading=\"lazy\" srcset=\"https:\/\/i2.wp.com\/mayanscargo.com\/wp-content\/uploads\/2022\/05\/img1.png?w=800&amp;ssl=1 800w, https:\/\/i2.wp.com\/mayanscargo.com\/wp-content\/uploads\/2022\/05\/img1.png?resize=300%2C158&amp;ssl=1 300w, https:\/\/i2.wp.com\/mayanscargo.com\/wp-content\/uploads\/2022\/05\/img1.png?resize=768%2C403&amp;ssl=1 768w, https:\/\/i2.wp.com\/mayanscargo.com\/wp-content\/uploads\/2022\/05\/img1.png?resize=600%2C315&amp;ssl=1 600w\" sizes=\"(max-width: 660px) 100vw, 660px\" data-recalc-dims=\"1\" \/><\/a>\n                            <\/div>\n                                            \n                                <div class=\"rit-news-info xs-pr-0 clearfix\">\n                    <div class=\"rit-new-info-left\">\n                        <span class=\"info-date\">\n                            <span>May<\/span>\n                            <span class=\"date\"><strong>17<\/strong><\/span>\n                            <span>2022<\/span>\n                        <\/span>\n                        <span class=\"info-comment\">\n                            <a href=\"https:\/\/mayanscargo.com\/en\/2022\/05\/17\/comunicado\/#comments\">0<i class=\"ion-ios-compose-outline\"><\/i><\/a>\n                        <\/span>\n                    <\/div>\n                    <div class=\"rit-news-info-inner\">\n                        <h3 class=\"title-news\"><a href=\"https:\/\/mayanscargo.com\/en\/2022\/05\/17\/comunicado\/\" title=\"COMUNICADO\">COMUNICADO<\/a><\/h3>\n                                                <div class=\"description al-left\">\n                                                        \n<p>Guatemala 17 de Mayo del 2022<\/p>\n\n\n\n<p>Apreciado cliente.<\/p>\n\n\n\n<p>Por esta v\u00eda se les recomienda que sus solicitudes para bookings&nbsp; Mar\u00edtimos para exportaciones sean con una anticipaci\u00f3n de 15 dias previos al cut off de naviera como m\u00ednimo debido a los actuales acontecimientos de congestionamientos en diversos puertos internacionales, esto ocasionando escasez de contenedores y espacios en los buques navieros.<\/p>\n\n\n<!--...                        <\/div>\n                        <a class=\"readmore\" href=\"https:\/\/mayanscargo.com\/en\/2022\/05\/17\/comunicado\/\">read more<i class=\"ion-android-arrow-forward\"><\/i><\/a>\n                    <\/div>\n                <\/div>\n            <\/article>\n                    <article class=\"rit-news-item\" id=\"post-3091\">\n                \n                                                                        <div class=\"post-image\">\n                                <a href=\"https:\/\/mayanscargo.com\/en\/2021\/11\/15\/china-tiene-un-problema-serio-de-inflacion-que-hace-subir-los-precios-en-todo-el-mundo\/\"><img width=\"660\" height=\"371\" src=\"https:\/\/i0.wp.com\/mayanscargo.com\/wp-content\/uploads\/2021\/11\/191110213535-china-shipping-1108-story-tablet.jpg?resize=660%2C371&#038;ssl=1\" class=\"attachment-full-thumb size-full-thumb wp-post-image\" alt=\"\" loading=\"lazy\" srcset=\"https:\/\/i0.wp.com\/mayanscargo.com\/wp-content\/uploads\/2021\/11\/191110213535-china-shipping-1108-story-tablet.jpg?w=768&amp;ssl=1 768w, https:\/\/i0.wp.com\/mayanscargo.com\/wp-content\/uploads\/2021\/11\/191110213535-china-shipping-1108-story-tablet.jpg?resize=300%2C169&amp;ssl=1 300w, https:\/\/i0.wp.com\/mayanscargo.com\/wp-content\/uploads\/2021\/11\/191110213535-china-shipping-1108-story-tablet.jpg?resize=600%2C338&amp;ssl=1 600w\" sizes=\"(max-width: 660px) 100vw, 660px\" data-recalc-dims=\"1\" \/><\/a>\n                            <\/div>\n                                            \n                                <div class=\"rit-news-info xs-pr-0 clearfix\">\n                    <div class=\"rit-new-info-left\">\n                        <span class=\"info-date\">\n                            <span>Nov<\/span>\n                            <span class=\"date\"><strong>15<\/strong><\/span>\n                            <span>2021<\/span>\n                        <\/span>\n                        <span class=\"info-comment\">\n                            <a href=\"https:\/\/mayanscargo.com\/en\/2021\/11\/15\/china-tiene-un-problema-serio-de-inflacion-que-hace-subir-los-precios-en-todo-el-mundo\/#comments\">0<i class=\"ion-ios-compose-outline\"><\/i><\/a>\n                        <\/span>\n                    <\/div>\n                    <div class=\"rit-news-info-inner\">\n                        <h3 class=\"title-news\"><a href=\"https:\/\/mayanscargo.com\/en\/2021\/11\/15\/china-tiene-un-problema-serio-de-inflacion-que-hace-subir-los-precios-en-todo-el-mundo\/\" title=\"China tiene un problema serio de inflaci\u00f3n que hace subir los precios en todo el mundo\">China tiene un problema serio de inflaci\u00f3n que hace subir los precios en todo el mundo<\/a><\/h3>\n                                                <div class=\"description al-left\">\n                                                        \n<p>El costo de los bienes que salen de las f\u00e1bricas de China super\u00f3 otro r\u00e9cord el mes pasado, y cada vez hay m\u00e1s se\u00f1ales de que los consumidores empiezan a sentir el impacto.<\/p>\n\n\n\n<p><\/p>\n\n\n\n<p>El \u00edndice de precios al productor aument\u00f3 un 13,5% en octubre con respecto a hace un a\u00f1o, trepando desde el 10,7% de septiembre, seg\u00fan inform\u00f3 el mi\u00e9rcoles&#8230;                        <\/div>\n                        <a class=\"readmore\" href=\"https:\/\/mayanscargo.com\/en\/2021\/11\/15\/china-tiene-un-problema-serio-de-inflacion-que-hace-subir-los-precios-en-todo-el-mundo\/\">read more<i class=\"ion-android-arrow-forward\"><\/i><\/a>\n                    <\/div>\n                <\/div>\n            <\/article>\n                    <div class=\"pagination clearfix\">\n                                    <span class=\"current\">1<\/span>\n                                            <a href=\"https:\/\/mayanscargo.com\/en\/wp-json\/wp\/v2\/pages\/2055\/page\/2\/\" class=\"inactive\">2<\/a>\n                                            <a href=\"https:\/\/mayanscargo.com\/en\/wp-json\/wp\/v2\/pages\/2055\/page\/3\/\" class=\"inactive\">3<\/a>\n                                            <a href=\"https:\/\/mayanscargo.com\/en\/wp-json\/wp\/v2\/pages\/2055\/page\/4\/\" class=\"inactive\">4<\/a>\n                                    <a class=\"pagination-next\" href=\"https:\/\/mayanscargo.com\/en\/wp-json\/wp\/v2\/pages\/2055\/page\/2\/\"><i class=\"ion-ios-arrow-thin-right\"><\/i><\/a>\n                        <\/div>\n        <\/div>\n\n[\/vc_column][\/vc_row]<\/p>\n","protected":false},"excerpt":{"rendered":"<p>[vc_row][vc_column][\/vc_column][\/vc_row]<\/p>\n","protected":false},"author":1,"featured_media":0,"parent":0,"menu_order":0,"comment_status":"closed","ping_status":"open","template":"","meta":{"spay_email":""},"jetpack-related-posts":[{"id":837,"url":"https:\/\/mayanscargo.com\/en\/","url_meta":{"origin":2055,"position":0},"title":"Inicio","date":"Monday October 12th, 2015","format":false,"excerpt":"[vc_row bg_size=\"default\" css=\".vc_custom_1452052086998{margin-top: -145px !important;}\" el_class=\"xs-mt-0\"][vc_column][\/vc_column][\/vc_row][vc_row full_width=\"stretch_row_content_no_spaces\" bg_size=\"default\" css=\".vc_custom_1466802894337{margin-top: 73px !important;background-color: #07416f !important;background-position: center !important;background-repeat: no-repeat !important;background-size: cover !important;}\" el_class=\"xs-bg-right\"][vc_column width=\"1\/2\" css=\".vc_custom_1466801191045{padding-top: 0px !important;background-color: #0c8bf9 !important;}\"][vc_row_inner][vc_column_inner css=\".vc_custom_1450840535995{margin-top: -24px !important;}\"][vc_single_image image=\"2933\" img_size=\"full\" custom_css_animation=\"fadeInLeft\" css=\".vc_custom_1469034873439{margin-bottom: 0px !important;}\"][\/vc_column_inner][\/vc_row_inner][\/vc_column][vc_column width=\"1\/2\" css=\".vc_custom_1465519344426{background-image: url(http:\/\/mayanscargo.info\/wp-content\/uploads\/2015\/10\/oo.jpg?id=2812) !important;}\"][vc_custom_heading text=\"Why with us\" font_container=\"tag:h3|font_size:30|text_align:left|color:%23ffffff\" google_fonts=\"font_family:MayansCargo|font_style:700%20bold%20regular%3A700%3Anormal\" divider_bg_color=\"#ffffff\" custom_css_animation=\"fadeInRight\" css=\".vc_custom_1464248916681{margin-top: 73px !important;margin-bottom: 0px\u2026","rel":"","context":"With 1 comment","img":{"alt_text":"","src":"https:\/\/i1.wp.com\/mayanscargo.com\/wp-content\/uploads\/revslider\/slider-home-12\/img-slider-6.jpg?resize=350%2C200&ssl=1","width":350,"height":200},"classes":[]}],"_links":{"self":[{"href":"https:\/\/mayanscargo.com\/en\/wp-json\/wp\/v2\/pages\/2055"}],"collection":[{"href":"https:\/\/mayanscargo.com\/en\/wp-json\/wp\/v2\/pages"}],"about":[{"href":"https:\/\/mayanscargo.com\/en\/wp-json\/wp\/v2\/types\/page"}],"author":[{"embeddable":true,"href":"https:\/\/mayanscargo.com\/en\/wp-json\/wp\/v2\/users\/1"}],"replies":[{"embeddable":true,"href":"https:\/\/mayanscargo.com\/en\/wp-json\/wp\/v2\/comments?post=2055"}],"version-history":[{"count":2,"href":"https:\/\/mayanscargo.com\/en\/wp-json\/wp\/v2\/pages\/2055\/revisions"}],"predecessor-version":[{"id":2930,"href":"https:\/\/mayanscargo.com\/en\/wp-json\/wp\/v2\/pages\/2055\/revisions\/2930"}],"wp:attachment":[{"href":"https:\/\/mayanscargo.com\/en\/wp-json\/wp\/v2\/media?parent=2055"}],"curies":[{"name":"wp","href":"https:\/\/api.w.org\/{rel}","templated":true}]}}